{"id":3,"date":"2022-08-15T19:12:32","date_gmt":"2022-08-15T19:12:32","guid":{"rendered":"https:\/\/contabil.vosti.com.br\/?page_id=3"},"modified":"2022-11-30T16:23:03","modified_gmt":"2022-11-30T19:23:03","slug":"privacy-policy","status":"publish","type":"page","link":"https:\/\/variedcontabilidade.com.br\/index.php\/privacy-policy\/","title":{"rendered":"Pol\u00edtica de Privacidade"},"content":{"rendered":"\t\t<div data-elementor-type=\"wp-page\" data-elementor-id=\"3\" class=\"elementor elementor-3\">\n\t\t\t\t\t\t<section class=\"elementor-section elementor-top-section elementor-element elementor-element-6e30be11 elementor-section-boxed elementor-section-height-default elementor-section-height-default\" data-id=\"6e30be11\" data-element_type=\"section\" data-e-type=\"section\">\n\t\t\t\t\t\t<div class=\"elementor-container elementor-column-gap-default\">\n\t\t\t\t\t<div class=\"elementor-column elementor-col-100 elementor-top-column elementor-element elementor-element-21b0a80\" data-id=\"21b0a80\" data-element_type=\"column\" data-e-type=\"column\">\n\t\t\t<div class=\"elementor-widget-wrap elementor-element-populated\">\n\t\t\t\t\t\t<div class=\"elementor-element elementor-element-e7ea8d4 elementor-widget elementor-widget-text-editor\" data-id=\"e7ea8d4\" data-element_type=\"widget\" data-e-type=\"widget\" data-widget_type=\"text-editor.default\">\n\t\t\t\t<div class=\"elementor-widget-container\">\n\t\t\t\t\t\t\t\t\t<p><strong>* NO\u00c7\u00d5ES GERAIS<\/strong><\/p><p>Sua confian\u00e7a \u00e9 imprescind\u00edvel para n\u00f3s, por isso somos comprometidos em proteger a privacidade e a seguran\u00e7a das suas informa\u00e7\u00f5es pessoais e empresariais conosco compartilhadas.<\/p><p>Este instrumento cont\u00e9m informa\u00e7\u00f5es sobre coleta, uso, armazenamento, tratamento e prote\u00e7\u00e3o dos dados pessoais dos usu\u00e1rios e visitantes dos servi\u00e7os prestados pela Varied Contabilidade por meio do website na Internet, com a finalidade de demonstrar absoluta transpar\u00eancia quanto ao assunto e esclarecer a todos interessados sobre os tipos de dados que s\u00e3o coletados, os motivos da coleta, a forma como os usu\u00e1rios podem gerenciar ou excluir as suas informa\u00e7\u00f5es pessoais e como os dados s\u00e3o administrados pela empresa.<\/p><p>O presente documento foi elaborado em conformidade com a Lei Geral de Prote\u00e7\u00e3o de Dados Pessoais (Lei n\u00ba 13.709\/18), o Marco Civil da Internet (Lei n\u00ba 12.965\/14) e, analogicamente e quando cab\u00edvel, o Regulamento da UE n\u00ba 2016\/6790. Ainda, o documento poder\u00e1 ser atualizado em decorr\u00eancia de eventual inova\u00e7\u00e3o normativa, raz\u00e3o pela qual se convida o usu\u00e1rio a consultar periodicamente esta se\u00e7\u00e3o.<\/p><p>A p\u00e1gina\u00a0obt\u00e9m informa\u00e7\u00f5es dos USU\u00c1RIOS de duas maneiras: cadastros e cookies.<\/p><p>Esta Pol\u00edtica de Privacidade se aplica aos clientes e aos respectivos representantes legais, empregados e\/ou agentes de clientes, bem como a todo e qualquer Usu\u00e1rio que tenha acesso ao site e\/ou aos servi\u00e7os disponibilizados.<\/p><p>Caso tenha qualquer d\u00favida, entre em contato com a Varied atrav\u00e9s do n\u00famero telef\u00f4nico 61 99614 8080 ou atrav\u00e9s do e-mail contato@variedcontabilidade.com.br, inserindo como assunto do e-mail \u201cPol\u00edtica de Privacidade\u201d.<\/p><p>\u00a0<\/p><p><strong>* DADOS PESSOAIS COLETADOS<\/strong><\/p><p>Ao acessar a p\u00e1gina, a Varied poder\u00e1 realizar o tratamento de determinadas informa\u00e7\u00f5es fornecidas, coletadas ou relacionadas a voc\u00ea, tais como:<\/p><ul><li>Dados de cadastro inicial, como, por exemplo, nome (inclusive nome social), telefone e e-mail, bem como dados da relacionados \u00e0 sua empresa, como qual a atividade exercida e qual o endere\u00e7o de registro da Empresa;<\/li><li>Informa\u00e7\u00f5es complementares como endere\u00e7o, telefone, CPF, senha;<\/li><li>Dados pessoais contidos em contratos sociais e procura\u00e7\u00f5es;<\/li><li>Dados financeiros e de pagamento, como, por exemplo, nome do banco, sigla BIN, bandeira do cart\u00e3o de cr\u00e9dito, categoria do cart\u00e3o de cr\u00e9dito, n\u00famero do cart\u00e3o de cr\u00e9dito, n\u00famero de ag\u00eancia, n\u00famero da conta e chave PIX;<\/li><li>Informa\u00e7\u00f5es t\u00e9cnicas coletadas do dispositivo que voc\u00ea utiliza para acessar nossa Plataforma (IP, Mac Address, IMEI, Localiza\u00e7\u00e3o, Navegadores\/Browsers, dentre outros poss\u00edveis);<\/li><li>Informa\u00e7\u00f5es que recebemos de terceiros sobre voc\u00ea, inclusive de bancos de dados publicamente dispon\u00edveis e informa\u00e7\u00f5es que voc\u00ea voluntariamente disponibiliza para o p\u00fablico em geral (como, por exemplo, seu perfil, publica\u00e7\u00f5es ou informa\u00e7\u00f5es em redes sociais);<\/li><li>Informa\u00e7\u00f5es que geramos sobre voc\u00ea a partir da utiliza\u00e7\u00e3o dos Servi\u00e7os e dos demais dados obtidos;<\/li><li>Comunica\u00e7\u00e3o, verbal, em v\u00eddeo ou escrita, mantida entre voc\u00ea e a Varied.<\/li><\/ul><p><strong>\u00a0<\/strong><\/p><p><strong>OBSERVA\u00c7\u00d5ES:<\/strong><\/p><p><strong>\u00a0&#8211; Dados Sens\u00edveis.\u00a0<\/strong>N\u00e3o coletamos dados sens\u00edveis. Conforme defini\u00e7\u00e3o legal, dados pessoais sens\u00edveis s\u00e3o aqueles relacionados \u00e0 origem racial ou \u00e9tnica, convic\u00e7\u00e3o religiosa, opini\u00e3o pol\u00edtica, filia\u00e7\u00e3o a sindicato ou a organiza\u00e7\u00e3o de car\u00e1ter religioso, filos\u00f3fico ou pol\u00edtico, dado referente \u00e0 sa\u00fade ou \u00e0 vida sexual, dado gen\u00e9tico ou biom\u00e9trico (\u201cDados Sens\u00edveis\u201d).<\/p><p><strong>&#8211; Informa\u00e7\u00f5es de Crian\u00e7as e Adolescentes<\/strong>.\u00a0De maneira geral, n\u00e3o coletamos intencionalmente Dados Pessoais de menores de 18 (dezoito) anos.<\/p><p>\u00a0<strong>&#8211;<\/strong>\u00a0<strong>Atualiza\u00e7\u00e3o.\u00a0<\/strong>Periodicamente, poderemos solicitar a atualiza\u00e7\u00e3o de seus dados de cadastro.<\/p><p>\u00a0<\/p><p><strong>* FINALIDADES DOS DADOS PESSOAIS<\/strong><\/p><p><strong>\u00a0<\/strong>Os dados pessoais coletados s\u00e3o utilizados para as seguintes finalidades:<\/p><ul><li>\u00a0Disponibilizar, prestar, fornecer e manter nossos servi\u00e7os;<\/li><li>Realiza\u00e7\u00e3o de cadastro e outros procedimentos preliminares de contrata\u00e7\u00e3o;<\/li><li>Execu\u00e7\u00e3o de obriga\u00e7\u00f5es contratuais entre Voc\u00ea e a Varied;<\/li><li>Contato entre voc\u00ea e a Varied, inclusive para assegura o cumprimento das obriga\u00e7\u00f5es contratuais, atrav\u00e9s dos meios dispon\u00edveis, incluindo marketing direto, publicidade e a\u00e7\u00f5es promocionais;<\/li><li>Para permitir a presta\u00e7\u00e3o de assist\u00eancia e servi\u00e7os acess\u00f3rios eventualmente;<\/li><li>Combate e preven\u00e7\u00e3o a fraudes em qualquer momento do fornecimento de produtos e servi\u00e7os pela Varied;<\/li><li>An\u00e1lise e extra\u00e7\u00e3o de relat\u00f3rios estat\u00edsticos sobre a performance e opera\u00e7\u00e3o dos nossos servi\u00e7os e plataforma,<\/li><li>Personalizar, desenvolver e aprimorar nossa plataforma e funcionalidades;<\/li><li>Auditorias internas e externas;<\/li><li>Controle de qualidade, com a finalidade de melhorar a presta\u00e7\u00e3o dos servi\u00e7os e verificarmos poss\u00edveis falhas operacionais;<\/li><li>Pesquisas de satisfa\u00e7\u00e3o sobre nossos servi\u00e7os ou de parceiros;<\/li><li>Detectar, identificar, impedir e se defender de atividades fraudulentas, abusivas ou ilegais;<\/li><li>Cumprir as obriga\u00e7\u00f5es legais e regulat\u00f3rias de coleta, reten\u00e7\u00e3o e\/ou compartilhamento de dados, incluindo frente a autoridades governamentais, na forma da legisla\u00e7\u00e3o e regulamenta\u00e7\u00e3o aplic\u00e1veis;<\/li><li>Exerc\u00edcio de direitos da Varied em processos administrativos, arbitrais ou judiciais, na forma da lei, e para a defesa da CONTABILIZEI, seus direitos, bens e interesses leg\u00edtimos.<\/li><\/ul><p><strong>\u00a0<\/strong><\/p><p><strong>* COMPARTILHAMENTO DE DADOS PESSOAIS<\/strong><\/p><p>\u00a0A Varied poder\u00e1 compartilhar informa\u00e7\u00f5es suas:<\/p><ul><li>Com parceiros comerciais, para cumprimento das finalidades previstas nesta Pol\u00edtica de Privacidade, atividades de suporte ou para confirma\u00e7\u00e3o de condi\u00e7\u00f5es comerciais especiais &#8211; caso aplic\u00e1vel;<\/li><li>Quando voc\u00ea requerer ou consentir com o compartilhamento;<\/li><li>Com \u00f3rg\u00e3os, ag\u00eancias, autoridades e demais entes da administra\u00e7\u00e3o e\/ou do poder p\u00fablico, bem como com pessoas f\u00edsicas ou jur\u00eddicas de natureza privada, em cumprimento a obriga\u00e7\u00e3o legal ou de ordem judicial;<\/li><li>Para o exerc\u00edcio e defesa de quaisquer direitos da Varied, ao seu crit\u00e9rio, incluindo no \u00e2mbito de processos judiciais, arbitrais ou administrativos;<\/li><li>Em caso de altera\u00e7\u00e3o da propriedade ou controle da empresa, em raz\u00e3o de fus\u00e3o, aquisi\u00e7\u00e3o, cis\u00e3o ou venda de ativos, hip\u00f3tese em que suas informa\u00e7\u00f5es poder\u00e3o ser transferidas a um novo propriet\u00e1rio.<\/li><\/ul><div>\u00a0<\/div><p><strong>OBSERVA\u00c7\u00c3O:<\/strong><\/p><p>&#8211; N\u00e3o vendemos ou ofertamos os dados pessoais dos Usu\u00e1rios para empresas, organiza\u00e7\u00f5es ou outros indiv\u00edduos fora da Varied.<\/p><p>\u00a0&#8211; Esta Pol\u00edtica de Privacidade n\u00e3o se aplica ao tratamento de dados pessoais realizado por outras empresas ou indiv\u00edduos, sites ou outros terceiros, incluindo eventuais parceiros da Varied. VOC\u00ca DEVER\u00c1 CONSULTAR AS POL\u00cdTICAS DE PRIVACIDADE DESSAS OUTRAS EMPRESAS PARA ENTENDER COMO ELAS TRATAM OS SEUS DADOS PESSOAIS. N\u00e3o somos respons\u00e1veis pelo tratamento de dados pessoais nesses casos.<\/p><p>\u00a0<\/p><p><strong>* PRAZO DE ARMAZENAMENTO DOS DADOS PESSOAIS<\/strong><\/p><p>Suas informa\u00e7\u00f5es s\u00e3o tratadas e mantidas pelo per\u00edodo necess\u00e1rio para fornecimento dos servi\u00e7os, enquanto voc\u00ea permanecer utilizando ou vinculado a um de nossos Servi\u00e7o, para cumprir com as finalidades determinadas na Se\u00e7\u00e3o \u201cCompartilhamento de Dados Pessoais\u201d; e para lidar com quaisquer demandas, bem como para cumprir os requisitos legais, cont\u00e1beis ou regulat\u00f3rios aplic\u00e1veis.<\/p><p>\u00a0<\/p><p><strong>* DIREITOS DO TITULAR DOS DADOS PESSOAIS<\/strong><\/p><p>Ao titular dos dados pessoais s\u00e3o assegurados os direitos a seguir listados, que poder\u00e3o ser exercidos conforme aplic\u00e1vel, mediante solicita\u00e7\u00e3o do Usu\u00e1rio:<\/p><ul><li>confirma\u00e7\u00e3o da exist\u00eancia de tratamento dos dados pessoais;<\/li><li>acesso aos dados pessoais;<\/li><li>corre\u00e7\u00e3o de dados pessoais incompletos, inexatos ou desatualizados;<\/li><li>anonimiza\u00e7\u00e3o, bloqueio ou elimina\u00e7\u00e3o de dados desnecess\u00e1rios, excessivos ou tratados em desconformidade com o disposto na Lei 13.709\/2018, a Lei Geral de Prote\u00e7\u00e3o de Dados (\u201cLGPD\u201d);<\/li><li>portabilidade dos dados pessoais para outro fornecedor de um servi\u00e7o ou produto, sujeito \u00e0 regulamenta\u00e7\u00e3o da autoridade nacional;<\/li><li>elimina\u00e7\u00e3o de dados pessoais tratados com base no seu consentimento, exceto quando a lei autorizar a manuten\u00e7\u00e3o destes dados por outro fundamento;<\/li><li>informa\u00e7\u00f5es sobre as entidades p\u00fablicas e privadas com as quais a Varied tenha realizado o uso compartilhado dos seus dados pessoais;<\/li><li>informa\u00e7\u00f5es sobre a possibilidade de n\u00e3o dar consentimento ao tratamento dos seus dados pessoais e sobre as consequ\u00eancias de tal a\u00e7\u00e3o;<\/li><li>revoga\u00e7\u00e3o do seu consentimento, quando o tratamento tenha sido feito com base no consentimento do titular.<\/li><\/ul><div>\u00a0<\/div><p><strong>* COMO EXERCER OS SEUS DIREITOS COMO TITULAR DE DADOS PESSOAIS?<\/strong><\/p><p><strong>\u00a0<\/strong>Caso voc\u00ea deseje exercer algum dos direitos acima listados ou deseje obter maiores esclarecimentos sobre a aplica\u00e7\u00e3o dessa Pol\u00edtica de Privacidade, utilizando o endere\u00e7o eletr\u00f4nico contato@variedcontabilidade.com.br.<\/p><p>Teremos a satisfa\u00e7\u00e3o de esclarecer eventuais d\u00favidas e\/ou atender solicita\u00e7\u00f5es, ressaltando que nos reservamos o direito de verificar sua identidade antes de responder \u00e0 solicita\u00e7\u00e3o.<\/p><p>\u00a0<strong>OBSERVA\u00c7\u00c3O:<\/strong><\/p><p><strong>\u00a0<\/strong>&#8211; A VARIED PODER\u00c1 MANTER DETERMINADOS DADOS PESSOAIS SEUS ARMAZENADOS AP\u00d3S O SEU PEDIDO DE EXCLUS\u00c3O, CONFORME E NA MEDIDA DO AUTORIZADO PELA LEGISLA\u00c7\u00c3O APLIC\u00c1VEL. CASO VOC\u00ca SOLICITE A EXCLUS\u00c3O DAS SUAS INFORMA\u00c7\u00d5ES, MAS AINDA TENHA ALGUMA OBRIGA\u00c7\u00c3O PENDENTE DE CUMPRIMENTO, AS SUAS INFORMA\u00c7\u00d5ES N\u00c3O SER\u00c3O EXCLU\u00cdDAS E PERMANECER\u00c3O ARMAZENADAS NA MEDIDA EM QUE SEJAM NECESS\u00c1RIAS PARA O FIM DE VIABILIZAR A SOLU\u00c7\u00c3O DA PEND\u00caNCIA E A ADO\u00c7\u00c3O DE MEDIDAS CAB\u00cdVEIS.<\/p><p>\u00a0<\/p><p>*<strong>SEGURAN\u00c7A.<\/strong><\/p><p>A Varied se responsabiliza pela ado\u00e7\u00e3o e manuten\u00e7\u00e3o de medidas razo\u00e1veis de seguran\u00e7a, t\u00e9cnicas e administrativas para preven\u00e7\u00e3o de tratamento irregular ou il\u00edcito dos dados pessoais dos Usu\u00e1rios, inclusive hip\u00f3teses n\u00e3o autorizadas de acesso, destrui\u00e7\u00e3o, perda, altera\u00e7\u00e3o ou comunica\u00e7\u00e3o dos dados.<\/p><p>\u00a0Essas medidas incluem prote\u00e7\u00f5es f\u00edsicas, operacionais e tecnol\u00f3gicas, incluindo o controle de acesso \u00e0s informa\u00e7\u00f5es, a utiliza\u00e7\u00e3o de softwares de seguran\u00e7a e o treinamento de nossos colaboradores. As medidas de seguran\u00e7a aplicam-se \u00e0s suas informa\u00e7\u00f5es somente a partir do momento em que a Varied as recebe e enquanto as mant\u00e9m sob sua guarda.<\/p><p>\u00a0O funcionamento e a seguran\u00e7a do dispositivo que voc\u00ea usa para acessar nossa Plataforma, bem como redes terceiras pelas quais os dados trafegam n\u00e3o s\u00e3o de responsabilidade da Varied.<\/p><p>\u00a0<\/p><p>*\u00a0<strong>LINKS PARA SITES DE TERCEIROS.<\/strong><\/p><p>Os servi\u00e7os, an\u00fancios, produtos e outras comunica\u00e7\u00f5es podem, periodicamente, conter links de sites de terceiros. Os dados pessoais que voc\u00ea fornece nesses sites n\u00e3o est\u00e3o sujeitos \u00e0 esta Pol\u00edtica de Privacidade, assim como o tratamento de seus dados pessoais por tais sites n\u00e3o \u00e9 de nossa responsabilidade.<\/p>\t\t\t\t\t\t\t\t<\/div>\n\t\t\t\t<\/div>\n\t\t\t\t\t<\/div>\n\t\t<\/div>\n\t\t\t\t\t<\/div>\n\t\t<\/section>\n\t\t\t\t<\/div>\n\t\t","protected":false},"excerpt":{"rendered":"<p>* NO\u00c7\u00d5ES GERAIS Sua confian\u00e7a \u00e9 imprescind\u00edvel para n\u00f3s, por isso somos comprometidos em proteger a privacidade e a seguran\u00e7a das suas informa\u00e7\u00f5es pessoais e empresariais conosco compartilhadas. Este instrumento cont\u00e9m informa\u00e7\u00f5es sobre coleta, uso, armazenamento, tratamento e prote\u00e7\u00e3o dos dados pessoais dos usu\u00e1rios e visitantes dos servi\u00e7os prestados pela Varied Contabilidade por meio do [&hellip;]<\/p>\n","protected":false},"author":1,"featured_media":0,"parent":0,"menu_order":0,"comment_status":"closed","ping_status":"open","template":"","meta":{"_monsterinsights_skip_tracking":false,"_monsterinsights_sitenote_active":false,"_monsterinsights_sitenote_note":"","_monsterinsights_sitenote_category":0,"footnotes":""},"class_list":["post-3","page","type-page","status-publish","hentry"],"_links":{"self":[{"href":"https:\/\/variedcontabilidade.com.br\/index.php\/wp-json\/wp\/v2\/pages\/3","targetHints":{"allow":["GET"]}}],"collection":[{"href":"https:\/\/variedcontabilidade.com.br\/index.php\/wp-json\/wp\/v2\/pages"}],"about":[{"href":"https:\/\/variedcontabilidade.com.br\/index.php\/wp-json\/wp\/v2\/types\/page"}],"author":[{"embeddable":true,"href":"https:\/\/variedcontabilidade.com.br\/index.php\/wp-json\/wp\/v2\/users\/1"}],"replies":[{"embeddable":true,"href":"https:\/\/variedcontabilidade.com.br\/index.php\/wp-json\/wp\/v2\/comments?post=3"}],"version-history":[{"count":15,"href":"https:\/\/variedcontabilidade.com.br\/index.php\/wp-json\/wp\/v2\/pages\/3\/revisions"}],"predecessor-version":[{"id":1096,"href":"https:\/\/variedcontabilidade.com.br\/index.php\/wp-json\/wp\/v2\/pages\/3\/revisions\/1096"}],"wp:attachment":[{"href":"https:\/\/variedcontabilidade.com.br\/index.php\/wp-json\/wp\/v2\/media?parent=3"}],"curies":[{"name":"wp","href":"https:\/\/api.w.org\/{rel}","templated":true}]}}